{"id":4665,"date":"2020-11-25T02:08:50","date_gmt":"2020-11-25T07:08:50","guid":{"rendered":"https:\/\/royalbitume.com\/videos-tutoriales"},"modified":"2024-03-18T17:54:22","modified_gmt":"2024-03-18T21:54:22","slug":"videos-tutoriales","status":"publish","type":"page","link":"https:\/\/kingbitume.com\/es\/videos-tutoriales\/","title":{"rendered":"V\u00eddeos tutoriales"},"content":{"rendered":"\t\t<div data-elementor-type=\"wp-page\" data-elementor-id=\"4665\" class=\"elementor elementor-4665 elementor-2107\" data-elementor-post-type=\"page\">\n\t\t\t\t\t\t<section class=\"elementor-section elementor-top-section elementor-element elementor-element-9bdfae7 elementor-section-boxed elementor-section-height-default elementor-section-height-default\" data-id=\"9bdfae7\" data-element_type=\"section\">\n\t\t\t\t\t\t<div class=\"elementor-container elementor-column-gap-default\">\n\t\t\t\t\t<div class=\"elementor-column elementor-col-100 elementor-top-column elementor-element elementor-element-3657f89\" data-id=\"3657f89\" data-element_type=\"column\">\n\t\t\t<div class=\"elementor-widget-wrap elementor-element-populated\">\n\t\t\t\t\t\t<div class=\"elementor-element elementor-element-21de4d1 elementor-invisible elementor-widget elementor-widget-bdt-post-grid\" data-id=\"21de4d1\" data-element_type=\"widget\" data-settings=\"{&quot;_animation&quot;:&quot;fadeInUp&quot;,&quot;_animation_delay&quot;:350,&quot;columns&quot;:&quot;3&quot;,&quot;columns_tablet&quot;:&quot;2&quot;,&quot;columns_mobile&quot;:&quot;1&quot;}\" data-widget_type=\"bdt-post-grid.bdt-carmie\">\n\t\t\t\t<div class=\"elementor-widget-container\">\n\t\t\t\t\t \r\n\t\t<div id=\"bdt-post-grid-21de4d1\" class=\"bdt-post-grid bdt-post-grid-skin-carmie\">\r\n\t  \t\t<div class=\"bdt-grid bdt-grid-small\" data-bdt-grid>\r\n\r\n\t\t\t\t\t\t\t\t\t\r\n\t\t            <div class=\"bdt-width-1-1 bdt-width-1-2@s bdt-width-1-3@m\">\r\n\t\t\t\t\t\t<div class=\"bdt-post-grid-item bdt-transition-toggle bdt-position-relative\">\r\n\t\t\t\t\t\t\t\t\r\n\t\t\t\t\t\t\t<div class=\"bdt-post-grid-img-wrap bdt-overflow-hidden\">\r\n\t\t\t\t<a href=\"https:\/\/kingbitume.com\/es\/bienvenido-a-royal-bitume-en-accion\/\" class=\"bdt-transition-scale-up bdt-background-cover bdt-transition-opaque bdt-flex\" title=\"Bienvenido a King Bitume en acci\u00f3n\" style=\"background-image: url(https:\/\/kingbitume.com\/wp-content\/uploads\/2020\/11\/video1.png)\">\r\n  \t\t\t\t<\/a>\r\n\t\t\t<\/div>\r\n\t\t\t\t\t\t\t<div class=\"bdt-custom-overlay bdt-position-cover\"><\/div>\r\n\t\t\t\t\t  \t\t\r\n\t\t\t\t\t  \t\t<div class=\"bdt-post-grid-desc bdt-position-bottom-left\">\r\n\t\t\t\t\t\t  \t\t<div class=\"bdt-position-medium \">\r\n\t\t\t\t\t            \t\r\n\t\t\t\t\t\t\t\t\t<h2 class=\"bdt-post-grid-title\" >\r\n\t\t\t\t<a href=\"https:\/\/kingbitume.com\/es\/bienvenido-a-royal-bitume-en-accion\/\" class=\"bdt-post-grid-link\" title=\"Bienvenido a King Bitume en acci\u00f3n\">\r\n\t\t\t\t\tBienvenido a King Bitume en acci\u00f3n\r\n\t\t\t\t<\/a>\r\n\t\t\t<\/h2>\r\n\t\t\t\t\t\t\t  \t\t<div class=\"bdt-transition-slide-bottom\">\r\n\t\t\t\t\t\t\t\t\t\t\t\t<div class=\"bdt-post-grid-excerpt\">\r\n\t\t\t<p>&#13; Vea usted mismo c\u00f3mo aplicamos el bet\u00fan y repintamos las l\u00edneas de aparcamiento en<\/p>\n\t\t<\/div>\r\n\r\n\t\t\t\t\t\t\t\t\t\t<\/div>\r\n\t\t\t\t\t\t\t\t<\/div>\r\n\t\t\t\t\t\t\t<\/div>\r\n\r\n\t\t\t\t\t\t\t\r\n\t\t\t\t\t\t<\/div>\r\n\t\t            <\/div>\r\n\r\n\t\t\t\t\t\t\t\t\t\r\n\t\t            <div class=\"bdt-width-1-1 bdt-width-1-2@s bdt-width-1-3@m\">\r\n\t\t\t\t\t\t<div class=\"bdt-post-grid-item bdt-transition-toggle bdt-position-relative\">\r\n\t\t\t\t\t\t\t\t\r\n\t\t\t\t\t\t\t<div class=\"bdt-post-grid-img-wrap bdt-overflow-hidden\">\r\n\t\t\t\t<a href=\"https:\/\/kingbitume.com\/es\/que-resultado-puede-esperar-de-nosotros\/\" class=\"bdt-transition-scale-up bdt-background-cover bdt-transition-opaque bdt-flex\" title=\"\u00bfQu\u00e9 resultado puede esperar de nosotros?\" style=\"background-image: url(https:\/\/kingbitume.com\/wp-content\/uploads\/2020\/11\/IMG_1108.jpg)\">\r\n  \t\t\t\t<\/a>\r\n\t\t\t<\/div>\r\n\t\t\t\t\t\t\t<div class=\"bdt-custom-overlay bdt-position-cover\"><\/div>\r\n\t\t\t\t\t  \t\t\r\n\t\t\t\t\t  \t\t<div class=\"bdt-post-grid-desc bdt-position-bottom-left\">\r\n\t\t\t\t\t\t  \t\t<div class=\"bdt-position-medium \">\r\n\t\t\t\t\t            \t\r\n\t\t\t\t\t\t\t\t\t<h2 class=\"bdt-post-grid-title bdt-post-grid-title\" >\r\n\t\t\t\t<a href=\"https:\/\/kingbitume.com\/es\/que-resultado-puede-esperar-de-nosotros\/\" class=\"bdt-post-grid-link\" title=\"\u00bfQu\u00e9 resultado puede esperar de nosotros?\">\r\n\t\t\t\t\t\u00bfQu\u00e9 resultado puede esperar de nosotros?\r\n\t\t\t\t<\/a>\r\n\t\t\t<\/h2>\r\n\t\t\t\t\t\t\t  \t\t<div class=\"bdt-transition-slide-bottom\">\r\n\t\t\t\t\t\t\t\t\t\t\t\t<div class=\"bdt-post-grid-excerpt\">\r\n\t\t\t<p>Este v\u00eddeo tutorial muestra nuestro m\u00e9todo de aplicaci\u00f3n del bet\u00fan en el sector comercial.<\/p>\n\t\t<\/div>\r\n\r\n\t\t\t\t\t\t\t\t\t\t<\/div>\r\n\t\t\t\t\t\t\t\t<\/div>\r\n\t\t\t\t\t\t\t<\/div>\r\n\r\n\t\t\t\t\t\t\t\r\n\t\t\t\t\t\t<\/div>\r\n\t\t            <\/div>\r\n\r\n\t\t\t\t\t\t\t\t\t\r\n\t\t            <div class=\"bdt-width-1-1 bdt-width-1-2@s bdt-width-1-3@m\">\r\n\t\t\t\t\t\t<div class=\"bdt-post-grid-item bdt-transition-toggle bdt-position-relative\">\r\n\t\t\t\t\t\t\t\t\r\n\t\t\t\t\t\t\t<div class=\"bdt-post-grid-img-wrap bdt-overflow-hidden\">\r\n\t\t\t\t<a href=\"https:\/\/kingbitume.com\/es\/por-que-tratar-el-asfalto-con-betun\/\" class=\"bdt-transition-scale-up bdt-background-cover bdt-transition-opaque bdt-flex\" title=\"\u00bfPor qu\u00e9 tratar el asfalto con bet\u00fan?\" style=\"background-image: url(https:\/\/kingbitume.com\/wp-content\/uploads\/2020\/11\/IMG_4566.jpg)\">\r\n  \t\t\t\t<\/a>\r\n\t\t\t<\/div>\r\n\t\t\t\t\t\t\t<div class=\"bdt-custom-overlay bdt-position-cover\"><\/div>\r\n\t\t\t\t\t  \t\t\r\n\t\t\t\t\t  \t\t<div class=\"bdt-post-grid-desc bdt-position-bottom-left\">\r\n\t\t\t\t\t\t  \t\t<div class=\"bdt-position-medium \">\r\n\t\t\t\t\t            \t\r\n\t\t\t\t\t\t\t\t\t<h2 class=\"bdt-post-grid-title bdt-post-grid-title bdt-post-grid-title\" >\r\n\t\t\t\t<a href=\"https:\/\/kingbitume.com\/es\/por-que-tratar-el-asfalto-con-betun\/\" class=\"bdt-post-grid-link\" title=\"\u00bfPor qu\u00e9 tratar el asfalto con bet\u00fan?\">\r\n\t\t\t\t\t\u00bfPor qu\u00e9 tratar el asfalto con bet\u00fan?\r\n\t\t\t\t<\/a>\r\n\t\t\t<\/h2>\r\n\t\t\t\t\t\t\t  \t\t<div class=\"bdt-transition-slide-bottom\">\r\n\t\t\t\t\t\t\t\t\t\t\t\t<div class=\"bdt-post-grid-excerpt\">\r\n\t\t\t<p>Aprenda c\u00f3mo y por qu\u00e9 tratar su calzada de asfalto con bet\u00fan y realizar las<\/p>\n\t\t<\/div>\r\n\r\n\t\t\t\t\t\t\t\t\t\t<\/div>\r\n\t\t\t\t\t\t\t\t<\/div>\r\n\t\t\t\t\t\t\t<\/div>\r\n\r\n\t\t\t\t\t\t\t\r\n\t\t\t\t\t\t<\/div>\r\n\t\t            <\/div>\r\n\r\n\t\t\t\t\t\t\t<\/div>\r\n\t\t<\/div>\r\n\t\r\n \t\t\t\t\t<div class=\"ep-pagination\">\r\n\t\t\t\t\t\t\t<\/div>\r\n\t\t\t\t\t\t\t<\/div>\n\t\t\t\t<\/div>\n\t\t\t\t\t<\/div>\n\t\t<\/div>\n\t\t\t\t\t<\/div>\n\t\t<\/section>\n\t\t<div class=\"elementor-element elementor-element-75d4107 e-flex e-con-boxed e-con e-parent\" data-id=\"75d4107\" data-element_type=\"container\">\n\t\t\t\t\t<div class=\"e-con-inner\">\n\t\t\t\t<div class=\"elementor-element elementor-element-048e871 elementor-widget elementor-widget-text-editor\" data-id=\"048e871\" data-element_type=\"widget\" data-widget_type=\"text-editor.default\">\n\t\t\t\t<div class=\"elementor-widget-container\">\n\t\t\t\t\t\t\t\t\t<h1>Mantenimiento de aparcamientos: Por qu\u00e9 es esencial<\/h1>\n<p style=\"text-align: justify;\">En Les Entreprises King Bitume Inc, situada en el coraz\u00f3n de la ciudad de Quebec, comprendemos la importancia cr\u00edtica del mantenimiento de sus aparcamientos. Como expertos en asfaltado, bituminoso y sellado, nos dedicamos a garantizar que nuestros clientes est\u00e9n bien informados sobre las mejores pr\u00e1cticas para preservar sus zonas de aparcamiento. A trav\u00e9s de nuestros v\u00eddeos informativos, pretendemos poner de relieve por qu\u00e9 un mantenimiento regular no s\u00f3lo es beneficioso, sino esencial para los propietarios de Quebec y alrededores.<\/p>\n<h5>La importancia del mantenimiento peri\u00f3dico de los aparcamientos<\/h5>\n<p style=\"text-align: justify;\">Un aparcamiento bien mantenido es algo m\u00e1s que una necesidad est\u00e9tica: es un reflejo de su compromiso con la seguridad y la calidad. El proceso de asfaltado establece una base s\u00f3lida, mientras que el bituminoso y el sellado proporcionan capas protectoras que protegen su aparcamiento del duro clima de Quebec. Estos procesos evitan la infiltraci\u00f3n de agua, reducen el riesgo de baches y frenan el desgaste causado por el tr\u00e1fico diario.<\/p>\n<h5>Mant\u00e9ngase informado y protegido<\/h5>\n<p style=\"text-align: justify;\">Creemos en mantener a nuestros clientes bien informados sobre las \u00faltimas t\u00e9cnicas y tecnolog\u00edas de asfaltado, bituminoso y sellado. Nuestros v\u00eddeos est\u00e1n dise\u00f1ados para educar a los propietarios sobre la mejor manera de proteger su inversi\u00f3n, haciendo hincapi\u00e9 en los desaf\u00edos \u00fanicos que plantea el entorno de la ciudad de Quebec. Desde las temperaturas bajo cero hasta los efectos del deshielo de la primavera, su aparcamiento se enfrenta a numerosas amenazas que pueden mitigarse mediante un mantenimiento regular.<\/p>\n<p>El mantenimiento de su aparcamiento es una responsabilidad permanente que merece la pena en t\u00e9rminos de seguridad, est\u00e9tica y longevidad. King Bitume est\u00e1 aqu\u00ed para guiarle en cada paso del proceso, desde el asfaltado inicial hasta el sellado regular. Al elegirnos, no s\u00f3lo est\u00e1 contratando a un contratista; se est\u00e1 asociando con un equipo que se preocupa profundamente por la calidad de su zona de aparcamiento y la seguridad de quienes la utilizan.<\/p>\n<p>Visite nuestro sitio web para ver nuestros v\u00eddeos informativos y obtener m\u00e1s informaci\u00f3n sobre los servicios esenciales que prestamos. Trabajemos juntos para mantener su aparcamiento en condiciones \u00f3ptimas, asegur\u00e1ndonos de que resiste la prueba del tiempo y los desaf\u00edos del clima de la ciudad de Quebec.<\/p>\n\t\t\t\t\t\t\t\t<\/div>\n\t\t\t\t<\/div>\n\t\t\t\t\t<\/div>\n\t\t\t\t<\/div>\n\t\t\t\t<section class=\"elementor-section elementor-top-section elementor-element elementor-element-9efcdb7 elementor-section-boxed elementor-section-height-default elementor-section-height-default\" data-id=\"9efcdb7\" data-element_type=\"section\">\n\t\t\t\t\t\t<div class=\"elementor-container elementor-column-gap-default\">\n\t\t\t\t\t<div class=\"elementor-column elementor-col-100 elementor-top-column elementor-element elementor-element-6c7a697\" data-id=\"6c7a697\" data-element_type=\"column\">\n\t\t\t<div class=\"elementor-widget-wrap elementor-element-populated\">\n\t\t\t\t\t\t<section class=\"elementor-section elementor-inner-section elementor-element elementor-element-8004c8e elementor-section-boxed elementor-section-height-default elementor-section-height-default\" data-id=\"8004c8e\" data-element_type=\"section\" data-settings=\"{&quot;background_background&quot;:&quot;gradient&quot;}\">\n\t\t\t\t\t\t<div class=\"elementor-container elementor-column-gap-default\">\n\t\t\t\t\t<div class=\"elementor-column elementor-col-50 elementor-inner-column elementor-element elementor-element-187a0be\" data-id=\"187a0be\" data-element_type=\"column\">\n\t\t\t<div class=\"elementor-widget-wrap elementor-element-populated\">\n\t\t\t\t\t\t<div class=\"elementor-element elementor-element-dc505c8 elementor-widget elementor-widget-heading\" data-id=\"dc505c8\" data-element_type=\"widget\" data-widget_type=\"heading.default\">\n\t\t\t\t<div class=\"elementor-widget-container\">\n\t\t\t\t\t<h2 class=\"elementor-heading-title elementor-size-default\">Estamos escuchando cont\u00e1ctenos ahora<\/h2>\t\t\t\t<\/div>\n\t\t\t\t<\/div>\n\t\t\t\t\t<\/div>\n\t\t<\/div>\n\t\t\t\t<div class=\"elementor-column elementor-col-50 elementor-inner-column elementor-element elementor-element-0ab0e19\" data-id=\"0ab0e19\" data-element_type=\"column\">\n\t\t\t<div class=\"elementor-widget-wrap elementor-element-populated\">\n\t\t\t\t\t\t<div class=\"elementor-element elementor-element-b8b794d elementor-widget elementor-widget-bdt-contact-form-7\" data-id=\"b8b794d\" data-element_type=\"widget\" data-widget_type=\"bdt-contact-form-7.default\">\n\t\t\t\t<div class=\"elementor-widget-container\">\n\t\t\t\t\t\n<div class=\"wpcf7 no-js\" id=\"wpcf7-f4714-o1\" lang=\"es-ES\" dir=\"ltr\" data-wpcf7-id=\"4714\">\n<div class=\"screen-reader-response\"><p role=\"status\" aria-live=\"polite\" aria-atomic=\"true\"><\/p> <ul><\/ul><\/div>\n<form action=\"\/es\/wp-json\/wp\/v2\/pages\/4665#wpcf7-f4714-o1\" method=\"post\" class=\"wpcf7-form init\" aria-label=\"Formulario de contacto\" enctype=\"multipart\/form-data\" novalidate=\"novalidate\" data-status=\"init\">\n<fieldset class=\"hidden-fields-container\"><input type=\"hidden\" name=\"_wpcf7\" value=\"4714\" \/><input type=\"hidden\" name=\"_wpcf7_version\" value=\"6.1.5\" \/><input type=\"hidden\" name=\"_wpcf7_locale\" value=\"es_ES\" \/><input type=\"hidden\" name=\"_wpcf7_unit_tag\" value=\"wpcf7-f4714-o1\" \/><input type=\"hidden\" name=\"_wpcf7_container_post\" value=\"0\" \/><input type=\"hidden\" name=\"_wpcf7_posted_data_hash\" value=\"\" \/><input type=\"hidden\" name=\"_wpcf7_recaptcha_response\" value=\"\" \/>\n<\/fieldset>\n<div class=\"row\">\n\t<div class=\"col-md-6 md-pr-2\">\n\t\t<p><span class=\"wpcf7-form-control-wrap\" data-name=\"text-225\"><input size=\"40\" maxlength=\"400\" class=\"wpcf7-form-control wpcf7-text wpcf7-validates-as-required\" aria-required=\"true\" aria-invalid=\"false\" placeholder=\"Introduzca el nombre\" value=\"\" type=\"text\" name=\"text-225\" \/><\/span>\n\t\t<\/p>\n\t<\/div>\n\t<div class=\"col-md-6 md-pl-2\">\n\t\t<p><span class=\"wpcf7-form-control-wrap\" data-name=\"email-449\"><input size=\"40\" maxlength=\"400\" class=\"wpcf7-form-control wpcf7-email wpcf7-validates-as-required wpcf7-text wpcf7-validates-as-email\" aria-required=\"true\" aria-invalid=\"false\" placeholder=\"Introducir correo electr\u00f3nico o tel\u00e9fono\" value=\"\" type=\"email\" name=\"email-449\" \/><\/span>\n\t\t<\/p>\n\t<\/div>\n\t<div class=\"col-md-12\">\n\t\t<p><span class=\"wpcf7-form-control-wrap\" data-name=\"textarea-359\"><textarea cols=\"40\" rows=\"10\" maxlength=\"2000\" class=\"wpcf7-form-control wpcf7-textarea wpcf7-validates-as-required\" aria-required=\"true\" aria-invalid=\"false\" placeholder=\"Escriba su mensaje\" name=\"textarea-359\"><\/textarea><\/span>\n\t\t<\/p>\n\t<\/div>\n\t<div class=\"col-md-12\">\n\t\t<p><span class=\"wpcf7-form-control-wrap\" data-name=\"your-file\"><input size=\"40\" class=\"wpcf7-form-control wpcf7-file\" accept=\".jpg\" aria-invalid=\"false\" type=\"file\" name=\"your-file\" \/><\/span>\n\t\t<\/p>\n\t<\/div>\n\t<div class=\"col-md-12\">\n\t<span class=\"wpcf7-form-control-wrap recaptcha\" data-name=\"recaptcha\"><span data-sitekey=\"6Ld5XZUpAAAAAOggY-WCPM6Feb3HTODkk_XuIqZG\" class=\"wpcf7-form-control wpcf7-recaptcha g-recaptcha\"><\/span>\r\n<noscript>\r\n\t<div class=\"grecaptcha-noscript\">\r\n\t\t<iframe src=\"https:\/\/www.google.com\/recaptcha\/api\/fallback?k=6Ld5XZUpAAAAAOggY-WCPM6Feb3HTODkk_XuIqZG\" frameborder=\"0\" scrolling=\"no\" width=\"310\" height=\"430\">\r\n\t\t<\/iframe>\r\n\t\t<textarea name=\"g-recaptcha-response\" rows=\"3\" cols=\"40\" placeholder=\"Aqu\u00ed la respuesta de reCAPTCHA\">\r\n\t\t<\/textarea>\r\n\t<\/div>\r\n<\/noscript>\r\n<\/span>\n\t<\/div>\n\t<div class=\"col-md-12\">\n\t\t<p><input class=\"wpcf7-form-control wpcf7-submit has-spinner\" type=\"submit\" value=\"Send Message\" \/>\n\t\t<\/p>\n\t<\/div>\n<\/div>\n<p style=\"display: none !important;\" class=\"akismet-fields-container\" data-prefix=\"_wpcf7_ak_\"><label>&#916;<textarea name=\"_wpcf7_ak_hp_textarea\" cols=\"45\" rows=\"8\" maxlength=\"100\"><\/textarea><\/label><input type=\"hidden\" id=\"ak_js_1\" name=\"_wpcf7_ak_js\" value=\"220\"\/><script>document.getElementById( \"ak_js_1\" ).setAttribute( \"value\", ( new Date() ).getTime() );<\/script><\/p><div class=\"wpcf7-response-output\" aria-hidden=\"true\"><\/div>\n<\/form>\n<\/div>\n\t\t\t\t<\/div>\n\t\t\t\t<\/div>\n\t\t\t\t\t<\/div>\n\t\t<\/div>\n\t\t\t\t\t<\/div>\n\t\t<\/section>\n\t\t\t\t\t<\/div>\n\t\t<\/div>\n\t\t\t\t\t<\/div>\n\t\t<\/section>\n\t\t\t\t<\/div>\n\t\t","protected":false},"excerpt":{"rendered":"<p>Welcome to King Bitume in action See by yourself how we apply bitumen and repainting parking lines in the commercial &hellip;<\/p>\n","protected":false},"author":1,"featured_media":0,"parent":0,"menu_order":0,"comment_status":"closed","ping_status":"closed","template":"","meta":{"inline_featured_image":false,"footnotes":""},"class_list":["post-4665","page","type-page","status-publish","hentry"],"_links":{"self":[{"href":"https:\/\/kingbitume.com\/es\/wp-json\/wp\/v2\/pages\/4665","targetHints":{"allow":["GET"]}}],"collection":[{"href":"https:\/\/kingbitume.com\/es\/wp-json\/wp\/v2\/pages"}],"about":[{"href":"https:\/\/kingbitume.com\/es\/wp-json\/wp\/v2\/types\/page"}],"author":[{"embeddable":true,"href":"https:\/\/kingbitume.com\/es\/wp-json\/wp\/v2\/users\/1"}],"replies":[{"embeddable":true,"href":"https:\/\/kingbitume.com\/es\/wp-json\/wp\/v2\/comments?post=4665"}],"version-history":[{"count":1,"href":"https:\/\/kingbitume.com\/es\/wp-json\/wp\/v2\/pages\/4665\/revisions"}],"predecessor-version":[{"id":4668,"href":"https:\/\/kingbitume.com\/es\/wp-json\/wp\/v2\/pages\/4665\/revisions\/4668"}],"wp:attachment":[{"href":"https:\/\/kingbitume.com\/es\/wp-json\/wp\/v2\/media?parent=4665"}],"curies":[{"name":"wp","href":"https:\/\/api.w.org\/{rel}","templated":true}]}}