{"id":4638,"date":"2024-02-26T17:18:44","date_gmt":"2024-02-26T22:18:44","guid":{"rendered":"https:\/\/royalbitume.com\/politica-de-privacidad"},"modified":"2024-03-21T13:25:40","modified_gmt":"2024-03-21T17:25:40","slug":"politica-de-privacidad","status":"publish","type":"page","link":"https:\/\/kingbitume.com\/es\/politica-de-privacidad\/","title":{"rendered":"Pol\u00edtica de privacidad"},"content":{"rendered":"\t\t<div data-elementor-type=\"wp-page\" data-elementor-id=\"4638\" class=\"elementor elementor-4638 elementor-3\" data-elementor-post-type=\"page\">\n\t\t\t\t<div class=\"elementor-element elementor-element-206f6811 e-flex e-con-boxed e-con e-parent\" data-id=\"206f6811\" data-element_type=\"container\">\n\t\t\t\t\t<div class=\"e-con-inner\">\n\t\t\t\t<div class=\"elementor-element elementor-element-59e1279b elementor-widget elementor-widget-text-editor\" data-id=\"59e1279b\" data-element_type=\"widget\" data-widget_type=\"text-editor.default\">\n\t\t\t\t<div class=\"elementor-widget-container\">\n\t\t\t\t\t\t\t\t\t<h1>Pol\u00edtica de privacidad de King Bitume<\/h1>\n<table>\n<tbody>\n<tr>\n<td><img fetchpriority=\"high\" decoding=\"async\" class=\"alignnone wp-image-4287 size-medium\" src=\"https:\/\/kingbitume.com\/wp-content\/uploads\/2024\/03\/OIP-11-300x285.jpg\" alt=\"Pol\u00edtica de privacidad\" width=\"300\" height=\"285\" srcset=\"https:\/\/kingbitume.com\/wp-content\/uploads\/2024\/03\/OIP-11-300x285.jpg 300w, https:\/\/kingbitume.com\/wp-content\/uploads\/2024\/03\/OIP-11.jpg 474w\" sizes=\"(max-width: 300px) 100vw, 300px\" \/><\/td>\n<td>En King Bitume estamos especializados en soluciones bituminosas y asf\u00e1lticas, ofreciendo servicios integrales desde el asfaltado hasta el sellado. Nuestro objetivo es proporcionar informaci\u00f3n valiosa y mostrar nuestro trabajo en proyectos bituminosos y asf\u00e1lticos. Nuestro sitio web, situado en <a href=\"https:\/\/kingbitume.com\/es\/\">https:\/\/kingbitume.com,<\/a> sirve de portafolio digital y centro de informaci\u00f3n sobre nuestros servicios y nuestra empresa.<\/td>\n<\/tr>\n<\/tbody>\n<\/table>\n<h2>Datos que recopilamos y por qu\u00e9<\/h2>\n<p><strong>Comentarios:<\/strong> Nuestro sitio no admite actualmente comentarios de los visitantes. Esta secci\u00f3n no es aplicable, ya que nos centramos en mostrar nuestros servicios y proyectos sin necesidad de interacci\u00f3n de los visitantes en forma de comentarios.<\/p>\n<p><strong>Medios de comunicaci\u00f3n:<\/strong> Los visitantes no pueden cargar im\u00e1genes o archivos multimedia en nuestro sitio web. Damos prioridad a la exhibici\u00f3n de nuestros trabajos y proyectos profesionales a trav\u00e9s de nuestra galer\u00eda comisariada, garantizando una experiencia de navegaci\u00f3n fluida y segura.<\/p>\n<p><strong>Cookies:<\/strong> Nuestro sitio web puede utilizar cookies para mejorar la experiencia del usuario, por ejemplo, recordando las preferencias de visualizaci\u00f3n. Sin embargo, no utilizamos cookies para recopilar informaci\u00f3n personal. El uso de cookies tiene \u00fanicamente fines funcionales, como mejorar la navegaci\u00f3n y el rendimiento del sitio web.<\/p>\n<p><strong>Contenido integrado:<\/strong> Nuestro sitio web enriquece su experiencia con contenidos integrados, como v\u00eddeos e im\u00e1genes de proyectos, que muestran nuestra experiencia en soluciones asf\u00e1lticas y bituminosas. Este enfoque inmersivo le permite explorar visualmente nuestros servicios y proyectos de \u00e9xito. Tenga en cuenta que este contenido puede comportarse como si estuviera en el sitio de origen, recopilando potencialmente datos seg\u00fan sus pol\u00edticas de privacidad. Nuestro objetivo es mejorar su visita con informaci\u00f3n valiosa al tiempo que respetamos su privacidad y le animamos a que revise estas pol\u00edticas para navegar con conocimiento de causa.<\/p>\n<p><strong>Intercambio de datos:<\/strong> No compartimos sus datos con terceros. La integridad y privacidad de sus datos son primordiales para nosotros. La \u00fanica excepci\u00f3n es el uso de servicios de terceros para mejorar la funcionalidad y el rendimiento del sitio web, que no implican compartir informaci\u00f3n personal.<\/p>\n<p><strong>Conservaci\u00f3n de datos:<\/strong> No recopilamos datos personales que requieran conservaci\u00f3n. Nuestro sitio web se centra en proporcionar informaci\u00f3n sobre nuestros servicios y mostrar nuestros proyectos, sin necesidad de que el usuario se registre ni de recopilar datos.<\/p>\n<p><strong>Sus derechos sobre los datos:<\/strong> Dado que no recopilamos datos personales, las preocupaciones en materia de derechos de datos son m\u00ednimas. No obstante, si tiene alguna pregunta o solicitud relacionada con la privacidad, no dude en ponerse en contacto con nosotros.<\/p>\n<p><strong>Detecci\u00f3n de Spam:<\/strong> En King Bitume priorizamos la seguridad digital de nuestros visitantes. Con este fin, nuestro sitio web ha implementado medidas s\u00f3lidas para protegerse contra el spam y las actividades maliciosas que podr\u00edan comprometer la integridad de su experiencia de navegaci\u00f3n. Nuestro compromiso de mantener un entorno seguro abarca el despliegue de avanzados sistemas automatizados dise\u00f1ados para una meticulosa supervisi\u00f3n de la seguridad. Estos sistemas buscan de forma vigilante cualquier comportamiento o contenido sospechoso, bloqueando eficazmente el spam y frustrando posibles ciberamenazas antes de que lleguen a nuestros usuarios.<\/p>\n<\/p>\n<p><strong>Protecci\u00f3n adicional:<\/strong> Adem\u00e1s de estas defensas automatizadas, nuestro equipo actualiza y perfecciona continuamente nuestros protocolos de seguridad para adaptarse al cambiante panorama de las amenazas online. Este enfoque proactivo garantiza que nuestro sitio web siga siendo un recurso seguro y fiable para obtener informaci\u00f3n sobre nuestros servicios de asfaltado y bituminosos. Al integrar estas exhaustivas medidas de seguridad y detecci\u00f3n de spam, pretendemos fomentar un espacio digital de confianza en el que los visitantes puedan explorar nuestras ofertas con tranquilidad, libres de las interrupciones y los riesgos asociados al spam y los ataques maliciosos.<\/p>\n<p><strong>Actualizaciones de nuestra pol\u00edtica de privacidad<\/strong><\/p>\n<p>Nos reservamos el derecho de actualizar esta pol\u00edtica de privacidad seg\u00fan sea necesario para reflejar cambios en nuestras pr\u00e1cticas o por otras razones operativas, legales o reglamentarias. Animamos a los visitantes a revisar esta pol\u00edtica peri\u00f3dicamente para obtener la informaci\u00f3n m\u00e1s reciente sobre nuestras pr\u00e1cticas de privacidad.<\/p>\n<p>Si tiene alguna pregunta sobre nuestra pol\u00edtica de privacidad o nuestras pr\u00e1cticas en materia de datos, p\u00f3ngase en contacto con nosotros directamente en <a href=\"https:\/\/kingbitume.com\/es\/pongase-en-contacto-con-nosotros\/\">https:\/\/kingbitume.com\/contact-us.<\/a> En King Bitume, su confianza y seguridad son nuestras principales prioridades mientras continuamos ofreciendo servicios bituminosos y asf\u00e1lticos de primera calidad en la ciudad de Quebec.<\/p>\n\t\t\t\t\t\t\t\t<\/div>\n\t\t\t\t<\/div>\n\t\t\t\t\t<\/div>\n\t\t\t\t<\/div>\n\t\t\t\t<\/div>\n\t\t","protected":false},"excerpt":{"rendered":"<p>Pol\u00edtica de privacidad de King Bitume En King Bitume estamos especializados en soluciones bituminosas y asf\u00e1lticas, ofreciendo servicios integrales desde &hellip;<\/p>\n","protected":false},"author":1,"featured_media":0,"parent":0,"menu_order":0,"comment_status":"closed","ping_status":"open","template":"","meta":{"inline_featured_image":false,"footnotes":""},"class_list":["post-4638","page","type-page","status-publish","hentry"],"_links":{"self":[{"href":"https:\/\/kingbitume.com\/es\/wp-json\/wp\/v2\/pages\/4638","targetHints":{"allow":["GET"]}}],"collection":[{"href":"https:\/\/kingbitume.com\/es\/wp-json\/wp\/v2\/pages"}],"about":[{"href":"https:\/\/kingbitume.com\/es\/wp-json\/wp\/v2\/types\/page"}],"author":[{"embeddable":true,"href":"https:\/\/kingbitume.com\/es\/wp-json\/wp\/v2\/users\/1"}],"replies":[{"embeddable":true,"href":"https:\/\/kingbitume.com\/es\/wp-json\/wp\/v2\/comments?post=4638"}],"version-history":[{"count":9,"href":"https:\/\/kingbitume.com\/es\/wp-json\/wp\/v2\/pages\/4638\/revisions"}],"predecessor-version":[{"id":5419,"href":"https:\/\/kingbitume.com\/es\/wp-json\/wp\/v2\/pages\/4638\/revisions\/5419"}],"wp:attachment":[{"href":"https:\/\/kingbitume.com\/es\/wp-json\/wp\/v2\/media?parent=4638"}],"curies":[{"name":"wp","href":"https:\/\/api.w.org\/{rel}","templated":true}]}}