{"id":4886,"date":"2020-11-25T02:08:50","date_gmt":"2020-11-25T07:08:50","guid":{"rendered":"https:\/\/royalbitume.com\/video-tutorijali"},"modified":"2024-03-18T18:07:33","modified_gmt":"2024-03-18T22:07:33","slug":"video-tutorijali","status":"publish","type":"page","link":"https:\/\/kingbitume.com\/bs\/video-tutorijali\/","title":{"rendered":"Video tutorijali"},"content":{"rendered":"\t\t<div data-elementor-type=\"wp-page\" data-elementor-id=\"4886\" class=\"elementor elementor-4886 elementor-2107\" data-elementor-post-type=\"page\">\n\t\t\t\t\t\t<section class=\"elementor-section elementor-top-section elementor-element elementor-element-9bdfae7 elementor-section-boxed elementor-section-height-default elementor-section-height-default\" data-id=\"9bdfae7\" data-element_type=\"section\">\n\t\t\t\t\t\t<div class=\"elementor-container elementor-column-gap-default\">\n\t\t\t\t\t<div class=\"elementor-column elementor-col-100 elementor-top-column elementor-element elementor-element-3657f89\" data-id=\"3657f89\" data-element_type=\"column\">\n\t\t\t<div class=\"elementor-widget-wrap elementor-element-populated\">\n\t\t\t\t\t\t<div class=\"elementor-element elementor-element-21de4d1 elementor-invisible elementor-widget elementor-widget-bdt-post-grid\" data-id=\"21de4d1\" data-element_type=\"widget\" data-settings=\"{&quot;_animation&quot;:&quot;fadeInUp&quot;,&quot;_animation_delay&quot;:350,&quot;columns&quot;:&quot;3&quot;,&quot;columns_tablet&quot;:&quot;2&quot;,&quot;columns_mobile&quot;:&quot;1&quot;}\" data-widget_type=\"bdt-post-grid.bdt-carmie\">\n\t\t\t\t<div class=\"elementor-widget-container\">\n\t\t\t\t\t \r\n\t\t<div id=\"bdt-post-grid-21de4d1\" class=\"bdt-post-grid bdt-post-grid-skin-carmie\">\r\n\t  \t\t<div class=\"bdt-grid bdt-grid-small\" data-bdt-grid>\r\n\r\n\t\t\t\t\t\t\t\t\t\r\n\t\t            <div class=\"bdt-width-1-1 bdt-width-1-2@s bdt-width-1-3@m\">\r\n\t\t\t\t\t\t<div class=\"bdt-post-grid-item bdt-transition-toggle bdt-position-relative\">\r\n\t\t\t\t\t\t\t\t\r\n\t\t\t\t\t\t\t<div class=\"bdt-post-grid-img-wrap bdt-overflow-hidden\">\r\n\t\t\t\t<a href=\"https:\/\/kingbitume.com\/bs\/dobrodosli-u-royal-bitume-u-akciji\/\" class=\"bdt-transition-scale-up bdt-background-cover bdt-transition-opaque bdt-flex\" title=\"Dobrodo\u0161li u King Bitume u akciji\" style=\"background-image: url(https:\/\/kingbitume.com\/wp-content\/uploads\/2020\/11\/video1.png)\">\r\n  \t\t\t\t<\/a>\r\n\t\t\t<\/div>\r\n\t\t\t\t\t\t\t<div class=\"bdt-custom-overlay bdt-position-cover\"><\/div>\r\n\t\t\t\t\t  \t\t\r\n\t\t\t\t\t  \t\t<div class=\"bdt-post-grid-desc bdt-position-bottom-left\">\r\n\t\t\t\t\t\t  \t\t<div class=\"bdt-position-medium \">\r\n\t\t\t\t\t            \t\r\n\t\t\t\t\t\t\t\t\t<h2 class=\"bdt-post-grid-title\" >\r\n\t\t\t\t<a href=\"https:\/\/kingbitume.com\/bs\/dobrodosli-u-royal-bitume-u-akciji\/\" class=\"bdt-post-grid-link\" title=\"Dobrodo\u0161li u King Bitume u akciji\">\r\n\t\t\t\t\tDobrodo\u0161li u King Bitume u akciji\r\n\t\t\t\t<\/a>\r\n\t\t\t<\/h2>\r\n\t\t\t\t\t\t\t  \t\t<div class=\"bdt-transition-slide-bottom\">\r\n\t\t\t\t\t\t\t\t\t\t\t\t<div class=\"bdt-post-grid-excerpt\">\r\n\t\t\t<p>&#13; Uvjerite se i sami kako nanosimo bitumen i farbamo parking linije u komercijalnom sektoru.&#13;<\/p>\n\t\t<\/div>\r\n\r\n\t\t\t\t\t\t\t\t\t\t<\/div>\r\n\t\t\t\t\t\t\t\t<\/div>\r\n\t\t\t\t\t\t\t<\/div>\r\n\r\n\t\t\t\t\t\t\t\r\n\t\t\t\t\t\t<\/div>\r\n\t\t            <\/div>\r\n\r\n\t\t\t\t\t\t\t\t\t\r\n\t\t            <div class=\"bdt-width-1-1 bdt-width-1-2@s bdt-width-1-3@m\">\r\n\t\t\t\t\t\t<div class=\"bdt-post-grid-item bdt-transition-toggle bdt-position-relative\">\r\n\t\t\t\t\t\t\t\t\r\n\t\t\t\t\t\t\t<div class=\"bdt-post-grid-img-wrap bdt-overflow-hidden\">\r\n\t\t\t\t<a href=\"https:\/\/kingbitume.com\/bs\/kakav-rezultat-ocekivati-kod-nas\/\" class=\"bdt-transition-scale-up bdt-background-cover bdt-transition-opaque bdt-flex\" title=\"Kakav rezultat o\u010dekivati \u200b\u200bkod nas?\" style=\"background-image: url(https:\/\/kingbitume.com\/wp-content\/uploads\/2020\/11\/IMG_1108.jpg)\">\r\n  \t\t\t\t<\/a>\r\n\t\t\t<\/div>\r\n\t\t\t\t\t\t\t<div class=\"bdt-custom-overlay bdt-position-cover\"><\/div>\r\n\t\t\t\t\t  \t\t\r\n\t\t\t\t\t  \t\t<div class=\"bdt-post-grid-desc bdt-position-bottom-left\">\r\n\t\t\t\t\t\t  \t\t<div class=\"bdt-position-medium \">\r\n\t\t\t\t\t            \t\r\n\t\t\t\t\t\t\t\t\t<h2 class=\"bdt-post-grid-title bdt-post-grid-title\" >\r\n\t\t\t\t<a href=\"https:\/\/kingbitume.com\/bs\/kakav-rezultat-ocekivati-kod-nas\/\" class=\"bdt-post-grid-link\" title=\"Kakav rezultat o\u010dekivati \u200b\u200bkod nas?\">\r\n\t\t\t\t\tKakav rezultat o\u010dekivati \u200b\u200bkod nas?\r\n\t\t\t\t<\/a>\r\n\t\t\t<\/h2>\r\n\t\t\t\t\t\t\t  \t\t<div class=\"bdt-transition-slide-bottom\">\r\n\t\t\t\t\t\t\t\t\t\t\t\t<div class=\"bdt-post-grid-excerpt\">\r\n\t\t\t<p>Ovaj video tutorial pokazuje na\u0161u metodu za primjenu bitumena u komercijalnom sektoru.<\/p>\n\t\t<\/div>\r\n\r\n\t\t\t\t\t\t\t\t\t\t<\/div>\r\n\t\t\t\t\t\t\t\t<\/div>\r\n\t\t\t\t\t\t\t<\/div>\r\n\r\n\t\t\t\t\t\t\t\r\n\t\t\t\t\t\t<\/div>\r\n\t\t            <\/div>\r\n\r\n\t\t\t\t\t\t\t\t\t\r\n\t\t            <div class=\"bdt-width-1-1 bdt-width-1-2@s bdt-width-1-3@m\">\r\n\t\t\t\t\t\t<div class=\"bdt-post-grid-item bdt-transition-toggle bdt-position-relative\">\r\n\t\t\t\t\t\t\t\t\r\n\t\t\t\t\t\t\t<div class=\"bdt-post-grid-img-wrap bdt-overflow-hidden\">\r\n\t\t\t\t<a href=\"https:\/\/kingbitume.com\/bs\/zasto-svoj-asfalt-tretirati-bitumenom\/\" class=\"bdt-transition-scale-up bdt-background-cover bdt-transition-opaque bdt-flex\" title=\"Za\u0161to svoj asfalt tretirati bitumenom?\" style=\"background-image: url(https:\/\/kingbitume.com\/wp-content\/uploads\/2020\/11\/IMG_4566.jpg)\">\r\n  \t\t\t\t<\/a>\r\n\t\t\t<\/div>\r\n\t\t\t\t\t\t\t<div class=\"bdt-custom-overlay bdt-position-cover\"><\/div>\r\n\t\t\t\t\t  \t\t\r\n\t\t\t\t\t  \t\t<div class=\"bdt-post-grid-desc bdt-position-bottom-left\">\r\n\t\t\t\t\t\t  \t\t<div class=\"bdt-position-medium \">\r\n\t\t\t\t\t            \t\r\n\t\t\t\t\t\t\t\t\t<h2 class=\"bdt-post-grid-title bdt-post-grid-title bdt-post-grid-title\" >\r\n\t\t\t\t<a href=\"https:\/\/kingbitume.com\/bs\/zasto-svoj-asfalt-tretirati-bitumenom\/\" class=\"bdt-post-grid-link\" title=\"Za\u0161to svoj asfalt tretirati bitumenom?\">\r\n\t\t\t\t\tZa\u0161to svoj asfalt tretirati bitumenom?\r\n\t\t\t\t<\/a>\r\n\t\t\t<\/h2>\r\n\t\t\t\t\t\t\t  \t\t<div class=\"bdt-transition-slide-bottom\">\r\n\t\t\t\t\t\t\t\t\t\t\t\t<div class=\"bdt-post-grid-excerpt\">\r\n\t\t\t<p>Nau\u010dite kako i za\u0161to tretirati svoj asfaltni prilaz bitumenom i izvr\u0161iti potrebne popravke.<\/p>\n\t\t<\/div>\r\n\r\n\t\t\t\t\t\t\t\t\t\t<\/div>\r\n\t\t\t\t\t\t\t\t<\/div>\r\n\t\t\t\t\t\t\t<\/div>\r\n\r\n\t\t\t\t\t\t\t\r\n\t\t\t\t\t\t<\/div>\r\n\t\t            <\/div>\r\n\r\n\t\t\t\t\t\t\t<\/div>\r\n\t\t<\/div>\r\n\t\r\n \t\t\t\t\t<div class=\"ep-pagination\">\r\n\t\t\t\t\t\t\t<\/div>\r\n\t\t\t\t\t\t\t<\/div>\n\t\t\t\t<\/div>\n\t\t\t\t\t<\/div>\n\t\t<\/div>\n\t\t\t\t\t<\/div>\n\t\t<\/section>\n\t\t<div class=\"elementor-element elementor-element-75d4107 e-flex e-con-boxed e-con e-parent\" data-id=\"75d4107\" data-element_type=\"container\">\n\t\t\t\t\t<div class=\"e-con-inner\">\n\t\t\t\t<div class=\"elementor-element elementor-element-048e871 elementor-widget elementor-widget-text-editor\" data-id=\"048e871\" data-element_type=\"widget\" data-widget_type=\"text-editor.default\">\n\t\t\t\t<div class=\"elementor-widget-container\">\n\t\t\t\t\t\t\t\t\t<h1>Odr\u017eavanje va\u0161ih parkinga: za\u0161to je to bitno<\/h1>\n<p style=\"text-align: justify;\">U King Bitume, koji se nalazi u srcu Quebec Cityja, razumijemo kriti\u010dnu va\u017enost odr\u017eavanja va\u0161ih parkinga. Kao stru\u010dnjaci za asfaltiranje, bitumenje i brtvljenje, posve\u0107eni smo tome da na\u0161i klijenti budu dobro informisani o najboljim praksama za o\u010duvanje svojih parking povr\u0161ina. Kroz na\u0161 informativni video sadr\u017eaj, \u017eelimo da istaknemo za\u0161to redovno odr\u017eavanje nije samo korisno ve\u0107 i neophodno za vlasnike nekretnina u Quebec Cityju i \u0161ire.<\/p>\n<h5>Va\u017enost redovnog odr\u017eavanja parkinga<\/h5>\n<p style=\"text-align: justify;\">Dobro odr\u017eavan parking je vi\u0161e od samo estetske potrebe; to je odraz va\u0161e posve\u0107enosti sigurnosti i kvalitetu. Proces asfaltiranja postavlja jaku osnovu, dok bituming i brtvljenje pru\u017eaju za\u0161titne slojeve koji \u0161tite va\u0161e parkirali\u0161te od o\u0161tre klime Quebeca. Ovi procesi sprje\u010davaju infiltraciju vode, smanjuju rizik od rupa i usporavaju habanje uzrokovano svakodnevnim prometom.<\/p>\n<h5>Budite informisani i za\u0161ti\u0107eni<\/h5>\n<p style=\"text-align: justify;\">Vjerujemo u to da na\u0161e klijente odr\u017eavamo dobro informiranim o najnovijim tehnikama i tehnologijama u asfaltiranju, bitumenju i zaptivanje. Na\u0161i video zapisi su dizajnirani da educiraju vlasnike nekretnina o tome kako najbolje za\u0161tititi svoju investiciju, nagla\u0161avaju\u0107i jedinstvene izazove koje postavlja okru\u017eenje grada Quebeca. Od niskih temperatura do efekata odmrzavanja prole\u0107a, va\u0161 parking se suo\u010dava sa brojnim pretnjama koje se mogu ubla\u017eiti redovnim odr\u017eavanjem.<\/p>\n<p>Odr\u017eavanje va\u0161eg parkinga je stalna odgovornost koja se isplati sigurno\u0161\u0107u, estetikom i dugovje\u010dnosti. King Bitume je tu da vas vodi kroz svaki korak procesa, od po\u010detnog asfaltiranja do redovnog zaptivanja. Odabirom nas, ne anga\u017eujete samo izvo\u0111a\u010da; sara\u0111ujete s timom koji duboko brine o kvaliteti va\u0161eg parkinga i sigurnosti onih koji ga koriste.<\/p>\n<p>Posjetite na\u0161u web stranicu da pogledate na\u0161e informativne video zapise i saznate vi\u0161e o osnovnim uslugama koje pru\u017eamo. Radimo zajedno na odr\u017eavanju va\u0161eg parkinga u vrhunskom stanju, osiguravaju\u0107i da izdr\u017ei test vremena i izazove klime u Quebec Cityju.<\/p>\n\t\t\t\t\t\t\t\t<\/div>\n\t\t\t\t<\/div>\n\t\t\t\t\t<\/div>\n\t\t\t\t<\/div>\n\t\t\t\t<section class=\"elementor-section elementor-top-section elementor-element elementor-element-9efcdb7 elementor-section-boxed elementor-section-height-default elementor-section-height-default\" data-id=\"9efcdb7\" data-element_type=\"section\">\n\t\t\t\t\t\t<div class=\"elementor-container elementor-column-gap-default\">\n\t\t\t\t\t<div class=\"elementor-column elementor-col-100 elementor-top-column elementor-element elementor-element-6c7a697\" data-id=\"6c7a697\" data-element_type=\"column\">\n\t\t\t<div class=\"elementor-widget-wrap elementor-element-populated\">\n\t\t\t\t\t\t<section class=\"elementor-section elementor-inner-section elementor-element elementor-element-8004c8e elementor-section-boxed elementor-section-height-default elementor-section-height-default\" data-id=\"8004c8e\" data-element_type=\"section\" data-settings=\"{&quot;background_background&quot;:&quot;gradient&quot;}\">\n\t\t\t\t\t\t<div class=\"elementor-container elementor-column-gap-default\">\n\t\t\t\t\t<div class=\"elementor-column elementor-col-50 elementor-inner-column elementor-element elementor-element-187a0be\" data-id=\"187a0be\" data-element_type=\"column\">\n\t\t\t<div class=\"elementor-widget-wrap elementor-element-populated\">\n\t\t\t\t\t\t<div class=\"elementor-element elementor-element-dc505c8 elementor-widget elementor-widget-heading\" data-id=\"dc505c8\" data-element_type=\"widget\" data-widget_type=\"heading.default\">\n\t\t\t\t<div class=\"elementor-widget-container\">\n\t\t\t\t\t<h2 class=\"elementor-heading-title elementor-size-default\">Sada \u010dujemo da nas kontaktiraju<\/h2>\t\t\t\t<\/div>\n\t\t\t\t<\/div>\n\t\t\t\t\t<\/div>\n\t\t<\/div>\n\t\t\t\t<div class=\"elementor-column elementor-col-50 elementor-inner-column elementor-element elementor-element-0ab0e19\" data-id=\"0ab0e19\" data-element_type=\"column\">\n\t\t\t<div class=\"elementor-widget-wrap elementor-element-populated\">\n\t\t\t\t\t\t<div class=\"elementor-element elementor-element-b8b794d elementor-widget elementor-widget-bdt-contact-form-7\" data-id=\"b8b794d\" data-element_type=\"widget\" data-widget_type=\"bdt-contact-form-7.default\">\n\t\t\t\t<div class=\"elementor-widget-container\">\n\t\t\t\t\t\n<div class=\"wpcf7 no-js\" id=\"wpcf7-f4996-o1\" lang=\"bs-BA\" dir=\"ltr\" data-wpcf7-id=\"4996\">\n<div class=\"screen-reader-response\"><p role=\"status\" aria-live=\"polite\" aria-atomic=\"true\"><\/p> <ul><\/ul><\/div>\n<form action=\"\/bs\/wp-json\/wp\/v2\/pages\/4886#wpcf7-f4996-o1\" method=\"post\" class=\"wpcf7-form init\" aria-label=\"Kontakt obrazac\" enctype=\"multipart\/form-data\" novalidate=\"novalidate\" data-status=\"init\">\n<fieldset class=\"hidden-fields-container\"><input type=\"hidden\" name=\"_wpcf7\" value=\"4996\" \/><input type=\"hidden\" name=\"_wpcf7_version\" value=\"6.1.5\" \/><input type=\"hidden\" name=\"_wpcf7_locale\" value=\"bs_BA\" \/><input type=\"hidden\" name=\"_wpcf7_unit_tag\" value=\"wpcf7-f4996-o1\" \/><input type=\"hidden\" name=\"_wpcf7_container_post\" value=\"0\" \/><input type=\"hidden\" name=\"_wpcf7_posted_data_hash\" value=\"\" \/><input type=\"hidden\" name=\"_wpcf7_recaptcha_response\" value=\"\" \/>\n<\/fieldset>\n<div class=\"row\">\n\t<div class=\"col-md-6 md-pr-2\">\n\t\t<p><span class=\"wpcf7-form-control-wrap\" data-name=\"text-225\"><input size=\"40\" maxlength=\"400\" class=\"wpcf7-form-control wpcf7-text wpcf7-validates-as-required\" aria-required=\"true\" aria-invalid=\"false\" placeholder=\"Unesite ime\" value=\"\" type=\"text\" name=\"text-225\" \/><\/span>\n\t\t<\/p>\n\t<\/div>\n\t<div class=\"col-md-6 md-pl-2\">\n\t\t<p><span class=\"wpcf7-form-control-wrap\" data-name=\"email-449\"><input size=\"40\" maxlength=\"400\" class=\"wpcf7-form-control wpcf7-email wpcf7-validates-as-required wpcf7-text wpcf7-validates-as-email\" aria-required=\"true\" aria-invalid=\"false\" placeholder=\"Unesite Email ili Telefon\" value=\"\" type=\"email\" name=\"email-449\" \/><\/span>\n\t\t<\/p>\n\t<\/div>\n\t<div class=\"col-md-12\">\n\t\t<p><span class=\"wpcf7-form-control-wrap\" data-name=\"textarea-359\"><textarea cols=\"40\" rows=\"10\" maxlength=\"2000\" class=\"wpcf7-form-control wpcf7-textarea wpcf7-validates-as-required\" aria-required=\"true\" aria-invalid=\"false\" placeholder=\"Unesite svoju poruku\" name=\"textarea-359\"><\/textarea><\/span>\n\t\t<\/p>\n\t<\/div>\n\t<div class=\"col-md-12\">\n\t\t<p><span class=\"wpcf7-form-control-wrap\" data-name=\"your-file\"><input size=\"40\" class=\"wpcf7-form-control wpcf7-file\" accept=\".jpg\" aria-invalid=\"false\" type=\"file\" name=\"your-file\" \/><\/span>\n\t\t<\/p>\n\t<\/div>\n\t<div class=\"col-md-12\">\n\t<span class=\"wpcf7-form-control-wrap recaptcha\" data-name=\"recaptcha\"><span data-sitekey=\"6Ld5XZUpAAAAAOggY-WCPM6Feb3HTODkk_XuIqZG\" class=\"wpcf7-form-control wpcf7-recaptcha g-recaptcha\"><\/span>\r\n<noscript>\r\n\t<div class=\"grecaptcha-noscript\">\r\n\t\t<iframe src=\"https:\/\/www.google.com\/recaptcha\/api\/fallback?k=6Ld5XZUpAAAAAOggY-WCPM6Feb3HTODkk_XuIqZG\" frameborder=\"0\" scrolling=\"no\" width=\"310\" height=\"430\">\r\n\t\t<\/iframe>\r\n\t\t<textarea name=\"g-recaptcha-response\" rows=\"3\" cols=\"40\" placeholder=\"reCaptcha Response Here\">\r\n\t\t<\/textarea>\r\n\t<\/div>\r\n<\/noscript>\r\n<\/span>\n\t<\/div>\n\t<div class=\"col-md-12\">\n\t\t<p><input class=\"wpcf7-form-control wpcf7-submit has-spinner\" type=\"submit\" value=\"Send Message\" \/>\n\t\t<\/p>\n\t<\/div>\n<\/div>\n<p style=\"display: none !important;\" class=\"akismet-fields-container\" data-prefix=\"_wpcf7_ak_\"><label>&#916;<textarea name=\"_wpcf7_ak_hp_textarea\" cols=\"45\" rows=\"8\" maxlength=\"100\"><\/textarea><\/label><input type=\"hidden\" id=\"ak_js_1\" name=\"_wpcf7_ak_js\" value=\"208\"\/><script>document.getElementById( \"ak_js_1\" ).setAttribute( \"value\", ( new Date() ).getTime() );<\/script><\/p><div class=\"wpcf7-response-output\" aria-hidden=\"true\"><\/div>\n<\/form>\n<\/div>\n\t\t\t\t<\/div>\n\t\t\t\t<\/div>\n\t\t\t\t\t<\/div>\n\t\t<\/div>\n\t\t\t\t\t<\/div>\n\t\t<\/section>\n\t\t\t\t\t<\/div>\n\t\t<\/div>\n\t\t\t\t\t<\/div>\n\t\t<\/section>\n\t\t\t\t<\/div>\n\t\t","protected":false},"excerpt":{"rendered":"<p>Welcome to King Bitume in action See by yourself how we apply bitumen and repainting parking lines in the commercial &hellip;<\/p>\n","protected":false},"author":1,"featured_media":0,"parent":0,"menu_order":0,"comment_status":"closed","ping_status":"closed","template":"","meta":{"inline_featured_image":false,"footnotes":""},"class_list":["post-4886","page","type-page","status-publish","hentry"],"_links":{"self":[{"href":"https:\/\/kingbitume.com\/bs\/wp-json\/wp\/v2\/pages\/4886","targetHints":{"allow":["GET"]}}],"collection":[{"href":"https:\/\/kingbitume.com\/bs\/wp-json\/wp\/v2\/pages"}],"about":[{"href":"https:\/\/kingbitume.com\/bs\/wp-json\/wp\/v2\/types\/page"}],"author":[{"embeddable":true,"href":"https:\/\/kingbitume.com\/bs\/wp-json\/wp\/v2\/users\/1"}],"replies":[{"embeddable":true,"href":"https:\/\/kingbitume.com\/bs\/wp-json\/wp\/v2\/comments?post=4886"}],"version-history":[{"count":1,"href":"https:\/\/kingbitume.com\/bs\/wp-json\/wp\/v2\/pages\/4886\/revisions"}],"predecessor-version":[{"id":4889,"href":"https:\/\/kingbitume.com\/bs\/wp-json\/wp\/v2\/pages\/4886\/revisions\/4889"}],"wp:attachment":[{"href":"https:\/\/kingbitume.com\/bs\/wp-json\/wp\/v2\/media?parent=4886"}],"curies":[{"name":"wp","href":"https:\/\/api.w.org\/{rel}","templated":true}]}}