{"id":4726,"date":"2024-02-26T17:18:44","date_gmt":"2024-02-26T22:18:44","guid":{"rendered":"https:\/\/royalbitume.com\/politika-privatnosti"},"modified":"2024-03-21T13:25:36","modified_gmt":"2024-03-21T17:25:36","slug":"politika-privatnosti","status":"publish","type":"page","link":"https:\/\/kingbitume.com\/bs\/politika-privatnosti\/","title":{"rendered":"Politika privatnosti"},"content":{"rendered":"\t\t<div data-elementor-type=\"wp-page\" data-elementor-id=\"4726\" class=\"elementor elementor-4726 elementor-3\" data-elementor-post-type=\"page\">\n\t\t\t\t<div class=\"elementor-element elementor-element-206f6811 e-flex e-con-boxed e-con e-parent\" data-id=\"206f6811\" data-element_type=\"container\">\n\t\t\t\t\t<div class=\"e-con-inner\">\n\t\t\t\t<div class=\"elementor-element elementor-element-59e1279b elementor-widget elementor-widget-text-editor\" data-id=\"59e1279b\" data-element_type=\"widget\" data-widget_type=\"text-editor.default\">\n\t\t\t\t<div class=\"elementor-widget-container\">\n\t\t\t\t\t\t\t\t\t<h1>Politika privatnosti za King Bitume<\/h1>\n<table>\n<tbody>\n<tr>\n<td><img fetchpriority=\"high\" decoding=\"async\" class=\"alignnone wp-image-4287 size-medium\" src=\"https:\/\/kingbitume.com\/wp-content\/uploads\/2024\/03\/OIP-11-300x285.jpg\" alt=\"Politika privatnosti\" width=\"300\" height=\"285\" srcset=\"https:\/\/kingbitume.com\/wp-content\/uploads\/2024\/03\/OIP-11-300x285.jpg 300w, https:\/\/kingbitume.com\/wp-content\/uploads\/2024\/03\/OIP-11.jpg 474w\" sizes=\"(max-width: 300px) 100vw, 300px\" \/><\/td>\n<td>U King Bitume, specijalizirani smo za bitumenska i asfaltna rje\u0161enja, nude\u0107i sveobuhvatne usluge od asfaltiranja do brtvljenja. Na\u0161 cilj je pru\u017eiti vrijedne informacije i prikazati na\u0161 rad u projektima bitumena i asfalta. Na\u0161a web stranica, koja se nalazi na <a href=\"https:\/\/kingbitume.com\/bs\/\">https:\/\/kingbitume.com<\/a> , slu\u017ei kao digitalni portfolio i informativno sredi\u0161te o na\u0161im uslugama i kompaniji.<\/td>\n<\/tr>\n<\/tbody>\n<\/table>\n<h2>Podaci koje prikupljamo i za\u0161to<\/h2>\n<p><strong>Komentari:<\/strong> Na\u0161a stranica trenutno ne podr\u017eava komentare posjetitelja. Ovaj odjeljak nije primjenjiv jer se fokusiramo na prikazivanje na\u0161ih usluga i projekata bez potrebe za interakcijom posjetitelja u obliku komentara.<\/p>\n<p><strong>Mediji:<\/strong> Posjetioci ne mogu u\u010ditati slike ili medijske datoteke na na\u0161u web stranicu. Prioritet nam je predstavljanje na\u0161eg profesionalnog rada i projekata kroz na\u0161u odabranu galeriju, osiguravaju\u0107i besprijekorno i sigurno iskustvo pregledavanja.<\/p>\n<p><strong>Kola\u010di\u0107i:<\/strong> Na\u0161a web stranica mo\u017ee koristiti kola\u010di\u0107e za pobolj\u0161anje korisni\u010dkog iskustva, kao \u0161to je pam\u0107enje postavki prikaza. Me\u0111utim, mi ne koristimo kola\u010di\u0107e za prikupljanje li\u010dnih podataka. Kola\u010di\u0107i se koriste isklju\u010divo u svrhu funkcionalnosti, kao \u0161to je pobolj\u0161anje navigacije i performansi web stranice.<\/p>\n<p><strong>Ugra\u0111eni sadr\u017eaj:<\/strong> Na\u0161a web stranica oboga\u0107uje va\u0161e iskustvo sa ugra\u0111enim sadr\u017eajem, kao \u0161to su video zapisi i slike projekata, pokazuju\u0107i na\u0161u stru\u010dnost u rje\u0161enjima za asfaltiranje i bitumenske radove. Ovaj impresivan pristup omogu\u0107ava vam da vizualno istra\u017eite na\u0161e usluge i uspje\u0161ne projekte. Imajte na umu da se ovaj sadr\u017eaj mo\u017ee pona\u0161ati kao da ste na izvornoj stranici, potencijalno prikupljaju\u0107i podatke u skladu s njihovim pravilima privatnosti. Cilj nam je pobolj\u0161ati va\u0161u posjetu vrijednim uvidima uz o\u010duvanje va\u0161e privatnosti i podsti\u010demo vas da pregledate ova pravila radi informisanog pregledavanja.<\/p>\n<p><strong>Dijeljenje podataka:<\/strong> Va\u0161e podatke ne dijelimo s tre\u0107im licima. Integritet i privatnost va\u0161ih podataka su nam najva\u017eniji. Jedini izuzetak je kori\u0161tenje usluga tre\u0107ih strana za funkcionalnost web stranice i pobolj\u0161anje performansi, koje ne uklju\u010duju dijeljenje osobnih podataka.<\/p>\n<p><strong>Zadr\u017eavanje podataka:<\/strong> Ne prikupljamo li\u010dne podatke koji zahtijevaju zadr\u017eavanje. Fokus na\u0161e web stranice je na pru\u017eanju informacija o na\u0161im uslugama i predstavljanju na\u0161ih projekata, bez potrebe za registracijom korisnika ili prikupljanjem podataka.<\/p>\n<p><strong>Va\u0161a prava na podatke:<\/strong> Kako ne prikupljamo li\u010dne podatke, postoji minimalna zabrinutost u vezi sa pravima na podatke. Me\u0111utim, ako imate bilo kakvih upita ili zahtjeva u vezi s privatno\u0161\u0107u, slobodno nas kontaktirajte.<\/p>\n<p><strong>Otkrivanje ne\u017eeljene po\u0161te:<\/strong> U King Bitume, dajemo prioritet digitalnoj sigurnosti i sigurnosti na\u0161ih posjetitelja. U tu svrhu, na\u0161a web stranica je implementirala robusne mjere za za\u0161titu od ne\u017eeljene po\u0161te i zlonamjernih aktivnosti koje bi mogle ugroziti integritet va\u0161eg iskustva pregledavanja. Na\u0161a posve\u0107enost odr\u017eavanju bezbednog okru\u017eenja obuhvata primenu naprednih automatizovanih sistema dizajniranih za pedantan bezbednosni nadzor. Ovi sistemi budno skeniraju bilo kakvo sumnjivo pona\u0161anje ili sadr\u017eaj, efikasno blokiraju\u0107i ne\u017eeljenu po\u0161tu i spre\u010davaju\u0107i potencijalne sajber prijetnje prije nego \u0161to do\u0111u do na\u0161ih korisnika.<\/p>\n<\/p>\n<p><strong>Dodatna za\u0161tita:<\/strong> Pored ove automatizovane odbrane, na\u0161 tim kontinuirano a\u017eurira i usavr\u0161ava na\u0161e bezbednosne protokole kako bi se prilagodili rastu\u0107em pejza\u017eu onlajn pretnji. Ovaj proaktivni pristup osigurava da na\u0161a web stranica ostane siguran i pouzdan izvor informacija o na\u0161im uslugama asfaltiranja i bitumena. Integracijom ovih sveobuhvatnih mjera za otkrivanje ne\u017eeljene po\u0161te i sigurnosne mjere, cilj nam je da podstaknemo pouzdan digitalni prostor u kojem posjetitelji mogu bezbri\u017eno istra\u017eivati \u200b\u200bna\u0161u ponudu, bez smetnji i rizika povezanih sa ne\u017eeljenom po\u0161tom i zlonamjernim napadima.<\/p>\n<p><strong>A\u017euriranja na\u0161e politike privatnosti<\/strong><\/p>\n<p>Zadr\u017eavamo pravo da a\u017euriramo ovu politiku privatnosti prema potrebi kako bismo odrazili promjene u na\u0161im praksama ili iz drugih operativnih, pravnih ili regulatornih razloga. Podsti\u010demo posetioce da periodi\u010dno pregledaju ovu politiku radi najnovijih informacija o na\u0161im praksama privatnosti.<\/p>\n<p>Za bilo kakva pitanja u vezi s na\u0161om politikom privatnosti ili postupcima podataka, kontaktirajte nas direktno na <a href=\"https:\/\/kingbitume.com\/bs\/kontaktiraj-nas\/\">https:\/\/kingbitume.com\/contact-us<\/a> . U King Bitume, va\u0161e povjerenje i sigurnost su na\u0161i glavni prioriteti jer nastavljamo da nudimo vrhunske usluge bitumena i asfalta u Quebec Cityju.<\/p>\n\t\t\t\t\t\t\t\t<\/div>\n\t\t\t\t<\/div>\n\t\t\t\t\t<\/div>\n\t\t\t\t<\/div>\n\t\t\t\t<\/div>\n\t\t","protected":false},"excerpt":{"rendered":"<p>Politika privatnosti za King Bitume U King Bitume, specijalizirani smo za bitumenska i asfaltna rje\u0161enja, nude\u0107i sveobuhvatne usluge od asfaltiranja &hellip;<\/p>\n","protected":false},"author":1,"featured_media":0,"parent":0,"menu_order":0,"comment_status":"closed","ping_status":"open","template":"","meta":{"inline_featured_image":false,"footnotes":""},"class_list":["post-4726","page","type-page","status-publish","hentry"],"_links":{"self":[{"href":"https:\/\/kingbitume.com\/bs\/wp-json\/wp\/v2\/pages\/4726","targetHints":{"allow":["GET"]}}],"collection":[{"href":"https:\/\/kingbitume.com\/bs\/wp-json\/wp\/v2\/pages"}],"about":[{"href":"https:\/\/kingbitume.com\/bs\/wp-json\/wp\/v2\/types\/page"}],"author":[{"embeddable":true,"href":"https:\/\/kingbitume.com\/bs\/wp-json\/wp\/v2\/users\/1"}],"replies":[{"embeddable":true,"href":"https:\/\/kingbitume.com\/bs\/wp-json\/wp\/v2\/comments?post=4726"}],"version-history":[{"count":6,"href":"https:\/\/kingbitume.com\/bs\/wp-json\/wp\/v2\/pages\/4726\/revisions"}],"predecessor-version":[{"id":5416,"href":"https:\/\/kingbitume.com\/bs\/wp-json\/wp\/v2\/pages\/4726\/revisions\/5416"}],"wp:attachment":[{"href":"https:\/\/kingbitume.com\/bs\/wp-json\/wp\/v2\/media?parent=4726"}],"curies":[{"name":"wp","href":"https:\/\/api.w.org\/{rel}","templated":true}]}}